{"id":25,"date":"2009-10-10T14:28:56","date_gmt":"2009-10-10T12:28:56","guid":{"rendered":"http:\/\/www.shinkendo.hu\/test\/?page_id=25"},"modified":"2012-03-03T03:25:57","modified_gmt":"2012-03-03T01:25:57","slug":"gyakorlofegyverek","status":"publish","type":"page","link":"https:\/\/www.shinkendo.hu\/?page_id=25","title":{"rendered":"Gyakorl\u00f3fegyverek"},"content":{"rendered":"<h2>A bokken<\/h2>\n<p>Sz\u00f3 szerint fa kardot jelent: bok-fa, ken-kard.<\/p>\n<p>Anyaga valamilyen kem\u00e9nyfa, leggyakrabban mahag\u00f3ni (a v\u00f6r\u00f6s p\u00e9ld\u00e1nyok \u00e1ltal\u00e1ban mahag\u00f3nib\u00f3l vannak, de nem kell meglep\u0151dni, nagyon sokf\u00e9le mahag\u00f3ni fafaj l\u00e9tezik, \u00e9s csak igen kev\u00e9s a val\u00f3ban \u00e9rt\u00e9kes k\u00f6z\u00fcl\u00fck, a t\u00f6bbi kb. olyan gyakori, mint Magyarorsz\u00e1gon az ak\u00e1c), vagy feh\u00e9r sz\u00edn\u0171 t\u00f6lgy. A hazai gy\u00e1rt\u00e1s\u00faak pedig \u00e1ltal\u00e1ban b\u00fckkf\u00e1b\u00f3l vannak. Az anyagot azt\u00e1n szorgos CNC-mar\u00f3k megk\u00f6zel\u00edt\u0151en kard alak\u00fara faragj\u00e1k, \u00edvet, lapot \u00e9s hegyet adva a penger\u00e9sznek. S\u00e9r\u00fcl\u00e9sek elker\u00fcl\u00e9se v\u00e9gett \u00e9rdemes a hegyet ut\u00f3lag d\u00f6rzspap\u00edrral tomp\u00edtani.<\/p>\n<p>Olcs\u00f3bb darabok 2-3ezer Ft-ba ker\u00fclnek, \u00e9s kezd\u0151knek mindenk\u00e9ppen ilyen beszerz\u00e9s\u00e9t javasoljuk, mert a gondosabban megmunk\u00e1lt, jobb s\u00falyeloszt\u00e1s\u00fa, szebb \u00e9s k\u00e9nyelmesebb jap\u00e1n gy\u00e1rtm\u00e1ny\u00fa p\u00e9ld\u00e1nyok \u00e1ra 10-20 ezer forint is lehet (2005-ben). V\u00e1s\u00e1rl\u00e1skor ellen\u0151rizz\u00fck, hogy a fegyver ne legyen repedt, ne legyen sz\u00e1lk\u00e1s, a rostok lehet\u0151leg ne fussanak ki a penge oldal\u00e1n, ne legyen benne g\u00f6cs, \u00e9s kell\u0151en vastag markolata legyen a fog\u00e1s miatt. Hossz\u00fat\u00e1von a nehezebbek mindenk\u00e9ppen jobbak. A boltban k\u00e9rj\u00fcnk el megtekint\u00e9sre 5-10 darabot \u00e9s nyugodtan v\u00e1logassunk.<\/p>\n<p>L\u00e9teznek m\u0171anyag h\u00fcvellyel gy\u00e1rtott bokkenek is, ezek nagyon hasznosak a h\u00faz\u00e1s \u00e9s a fegyver elrak\u00e1s\u00e1nak gyakorl\u00e1sakor.<\/p>\n<p>Formagyakolatokn\u00e1l, b\u00e1zis v\u00e1g\u00e1sgyakorlatokn\u00e1l haszn\u00e1ljuk, mert j\u00f3l \u00e9rz\u00e9kelhet\u0151 a penge \u00e9le, \u00edve \u00e9s lapja, ez\u00e1ltal a v\u00e1g\u00e1stechnik\u00e1t, a precizit\u00e1st fejleszti. A bokken \u00e1ltal\u00e1ban hangot is k\u00f6nnyebben ad v\u00e1g\u00e1skor, emiatt n\u00e9ha v\u00e9rcsatorn\u00e1t is h\u00faznak bele. (B\u00e1r az igazi szerintem az a z\u00fag\u00e1s, amit egy f\u00e9rficsukl\u00f3 vastags\u00e1g\u00fa bokuto ad makuriban.)<\/p>\n<p>Haszn\u00e1lhat\u00f3 k\u00fczdelmi gyakorlatokn\u00e1l is, de mindig ellen\u0151rizni kell a fegyver \u00e1llapot\u00e1t. A kisz\u00e1lk\u00e1sodott, rossz \u00e1llapot\u00fa gyakorl\u00f3fegyver k\u00f6nnyen s\u00e9r\u00fcl\u00e9st okozhat! Hossz\u00fat\u00e1vra, p\u00e1ros gyakoratokhoz mindenk\u00e9ppen egy bokuto beszerz\u00e9s\u00e9t aj\u00e1nljuk.<\/p>\n<p>A k\u00fczdelmi gyakorlatokban \u00f6sszecsap\u00f3d\u00f3 bokkenek \u00e9l\u00e9b\u0151l el\u0151re \u00e9s h\u00e1trafel\u00e9 sz\u00e1lk\u00e1k pattogzanak ki. A bokkennel v\u00e9gzett p\u00e1ros gyakorlatokn\u00e1l a val\u00f3ban vesz\u00e9lyes s\u00e9r\u00fcl\u00e9seket nem az \u00fct\u00e9sek okozz\u00e1k, hanem ezek a nem t\u00fal felt\u0171n\u0151 sz\u00e1lk\u00e1k, amik a fedetlen b\u0151rfel\u00fcleteken (nyak, k\u00e9z, erek) v\u00e9gigsz\u00e1ntva tudnak cs\u00fanya roncsol\u00f3 sebeket okozni.<\/p>\n<p>A bokkenek az intenz\u00edv k\u00fczdelmi gyakorlatokban \u00e1ltal\u00e1ban p\u00e1r h\u00f3nap alatt t\u00f6nkremennek.<\/p>\n<p>Magyar viszonylatban, h\u00e1zilag gyerty\u00e1nb\u00f3l \u00e9rdemes pr\u00f3b\u00e1lkozni haszn\u00e1lhat\u00f3 bokken k\u00e9sz\u00edt\u00e9s\u00e9vel.<\/p>\n<p>A tsub\u00e1t ritk\u00e1n tessz\u00fck fel r\u00e1. A hi\u00e1nya nem szokott probl\u00e9m\u00e1t jelenteni.<\/p>\n<h2><a href=\"https:\/\/www.shinkendo.hu\/test\/wp-content\/uploads\/2009\/10\/fegyverek.jpg\"><img loading=\"lazy\" class=\"alignleft size-medium wp-image-624\" title=\"fegyverek\" src=\"https:\/\/www.shinkendo.hu\/test\/wp-content\/uploads\/2009\/10\/fegyverek-225x300.jpg\" alt=\"\" width=\"225\" height=\"300\" srcset=\"https:\/\/www.shinkendo.hu\/wp-content\/uploads\/2009\/10\/fegyverek-225x300.jpg 225w, https:\/\/www.shinkendo.hu\/wp-content\/uploads\/2009\/10\/fegyverek.jpg 432w\" sizes=\"(max-width: 225px) 100vw, 225px\" \/><\/a><\/h2>\n<h2>A bokuto<\/h2>\n<p>Ugyanolyan hossz\u00fa, de \u00e1ltal\u00e1ban jelent\u0151sen s\u00falyosabb, massz\u00edvabb, strapab\u00edr\u00f3bb, kicsit dorong-szer\u0171, \u00e9s sokkal jobban t\u0171ri az er\u0151teljes technik\u00e1kat. Anyaga egy waxwood nev\u0171 fa (viaszfa), mely biztosan d\u00e9l-\u00e1zsiai eredet\u0171, de botanikai mibenl\u00e9t\u00e9t eddig nem siker\u00fclt kider\u00edteni. R\u00e1n\u00e9z\u00e9sre feny\u0151f\u00e9le, amit a bokut\u00f3n l\u00e1that\u00f3 \u00e1g\u00f6rvekb\u0151l, a szerkezetb\u0151l \u00e9s a t\u00f6r\u00e9si tulajdons\u00e1gokb\u00f3l gondolok, de nem gyant\u00e1s. Sz\u00f3ba j\u00f6n m\u00e9g egy olajfa-f\u00e9les\u00e9g (Ligustrum lucidum), de ahhoz nem el\u00e9g g\u00f6cs\u00f6rt\u00f6s, illetve k\u00ednai eredet\u0171 feh\u00e9r t\u00f6lgyfajok, de ahhoz meg nem el\u00e9g s\u0171r\u0171, \u00e9s t\u00fal hossz\u00fa rostjai vannak. M\u00e1sok valamilyen mogyor\u00f3-fajra gondolnak, vagy valamilyen fagyalra.<\/p>\n<p>M\u00e9retre v\u00e1gj\u00e1k, lek\u00e9rgezik, \u00e9s a bokkenhez k\u00e9pest a legfontosabb k\u00fcl\u00f6nbs\u00e9g, hogy nem faragj\u00e1k meg (megmarad a term\u00e9szetes keresztmetszet). A hegy\u00e9t lekerek\u00edtik, hogy s\u00e9r\u00fcl\u00e9st ne okozzon, majd az eg\u00e9szet lelakkozz\u00e1k. A markolatn\u00e1l 3-5, a hegyn\u00e9l 3-4cm \u00e1tm\u00e9r\u0151j\u0171. Jellemz\u0151en egyenes, de a term\u00e9szetes n\u00f6veked\u00e9sb\u0151l \u00e9s a bels\u0151 s\u00falyeloszl\u00e1sb\u00f3l ad\u00f3d\u00f3an minim\u00e1lis \u00edve vagy aszimmetri\u00e1ja mindegyiknek van, \u00e9s haszn\u00e1lat k\u00f6zben \u00e9rezhet\u0151, hogy melyik a han (az \u00e9le) \u00e9s melyik a mune oldal (a penge h\u00e1ta). A bokuto fest\u00e9s\u00e9vel ezt szokt\u00e1k jel\u00f6lni is: a kanji az omote oldalon van, azaz a felirat fog\u00e1s k\u00f6zben baloldalra n\u00e9z. Tsuba n\u00e9lk\u00fcl vagy b\u0151rb\u0151l k\u00e9sz\u00fclt tsub\u00e1val haszn\u00e1ljuk.<\/p>\n<p>A korabeli \u00e9s autentikus \u00e1br\u00e1zol\u00e1sok szerint gyakorl\u00e1shoz egyenes bokutot haszn\u00e1ltak, fogy\u00f3eszk\u00f6z l\u00e9v\u00e9n nyilv\u00e1n sokkal egyszer\u0171bb volt el\u0151\u00e1ll\u00edtani \u00e9s olcs\u00f3bb is volt; a faragott bokken elterjed\u00e9se k\u00e9s\u0151bbi fejlem\u00e9ny.<\/p>\n<p>Els\u0151dlegesen p\u00e1ros gyakorlatokn\u00e1l haszn\u00e1ljuk, mert nem sz\u00e1lk\u00e1sodik. A bokut\u00f3val a sz\u00e1lk\u00e1sod\u00e1s gyal\u00e1zata nem esik meg; ha a viaszfa s\u00e9r\u00fcl, akkor egyszer\u0171en elt\u00f6rik \u00e9s lefittyed, vagy nagy lemezekre reped sz\u00e9t, de a fegyver s\u00e9r\u00fcl\u00e9se mindenk\u00e9ppen \u00e9szrevehet\u0151 \u00e9s \u00edgy a gyakorl\u00e1s biztons\u00e1gosabb.<\/p>\n<p>Sajnos a t\u00f6r\u00e9s ut\u00e1n k\u00fczdelmi gyakorlatokban jobb\u00e1ra haszn\u00e1lhatatlan. Halad\u00f3 szinten \u00e1tlagban 1-2 \u00e9vente egy bokuto szokott elt\u00f6rni, \u00e9s szinte mindig blokkban, az els\u0151 egyharmad\u00e1n\u00e1l.<\/p>\n<p>Bokut\u00f3kat Obata Sensei szokott hozni a ny\u00e1ri edz\u0151t\u00e1borok alkalm\u00e1val, \u00e9s olyankor bev\u00e1s\u00e1rolunk. Darabonk\u00e9nt 35-45 USD k\u00f6z\u00e9 esik, att\u00f3l f\u00fcgg\u0151en, hogy mennyi t\u00fals\u00faly-d\u00edjat kell fizetnie a rep\u00fcl\u0151g\u00e9pen.<\/p>\n<p>El\u00e9g j\u00f3 tapasztalataink vannak a h\u00e1zilag somf\u00e1b\u00f3l (h\u00fasos som, Cornus mas) k\u00e9sz\u00fclt bokut\u00f3kkal, melyek megb\u00edzhat\u00f3ak \u00e9s s\u00falyosak, de neh\u00e9zkesebbek is. Hib\u00e1juk, hogy nem el\u00e9g rugalmasak, ez\u00e9rt a p\u00e1ros gyakorlatokn\u00e1l az \u00f6ssze\u00fct\u0151d\u0151 fegyverek berezon\u00e1lnak, ami nem tesz t\u00fal j\u00f3t a csukl\u00f3nak.<\/p>\n<h2>A gyakorl\u00f3fegyverek jav\u00edt\u00e1sa<\/h2>\n<p>A s\u00e9r\u00fclt bokken vagy bokuto t\u00f6bb\u00e9-kev\u00e9sb\u00e9 jav\u00edthat\u00f3. A t\u00f6r\u00f6tt fegyver szil\u00e1rds\u00e1ga sosem lesz a r\u00e9gi, de \u00e1tmeneti megold\u00e1snak j\u00f3.<\/p>\n<p>Ha t\u00f6r\u00f6tt, vagy repedt, el\u0151sz\u00f6r el kell t\u00e1vol\u00edtani a l\u00f6ty\u00f6g\u0151 sz\u00e1lk\u00e1kat \u00e9s kisebb fadarabokat, majd a rostok k\u00f6z\u00e9, a reped\u00e9sekbe m\u00e9lyen faragaszt\u00f3t kell juttatni. Alkalmas a P\u00e1lma Fa norm\u00e1l faragaszt\u00f3, mely v\u00edzb\u00e1zis\u00fa, teljesen \u00e1rtalmatlan, nem m\u00e9rgez\u0151, ecsettel, r\u00e9gi fogkef\u00e9vel vagy ak\u00e1r puszta ujjakkal is felhordhat\u00f3. Nem kell sok, a legkisebb kiszerel\u00e9s \u00e9vekre elegend\u0151. C\u00e9lszer\u0171 egy tiszta margarinos poh\u00e1rban v\u00edzzel kiss\u00e9 felhig\u00edtani (1 r\u00e9sz v\u00edz &#8211; 1 r\u00e9sz ragaszt\u00f3). A t\u00f6r\u00f6tt r\u00e9szeket a sz\u00e1rad\u00e1s idej\u00e9re \u00f6ssze kell szor\u00edtani.<\/p>\n<p><a href=\"https:\/\/www.shinkendo.hu\/test\/wp-content\/uploads\/2009\/10\/bokuto_javitasa_01.jpg\"><img loading=\"lazy\" class=\"size-medium wp-image-617 alignright\" title=\"bokuto_javitasa_01\" src=\"https:\/\/www.shinkendo.hu\/test\/wp-content\/uploads\/2009\/10\/bokuto_javitasa_01-300x225.jpg\" alt=\"\" width=\"300\" height=\"225\" srcset=\"https:\/\/www.shinkendo.hu\/wp-content\/uploads\/2009\/10\/bokuto_javitasa_01-300x225.jpg 300w, https:\/\/www.shinkendo.hu\/wp-content\/uploads\/2009\/10\/bokuto_javitasa_01.jpg 400w\" sizes=\"(max-width: 300px) 100vw, 300px\" \/><\/a><\/p>\n<p>Ha felsz\u00edni sz\u00e1lk\u00e1sod\u00e1s is van, el\u0151sz\u00f6r durva csiszol\u00f3v\u00e1szonnal meg kell tiszt\u00edtani az fel\u00fcletet, majd leukoplaszttal betekerni el\u00f6l-h\u00e1tul j\u00f3 5-5 centi r\u00e1hagy\u00e1ssal. Min\u00e9l sz\u00e9lesebb leukoplasztot kell v\u00e1s\u00e1rolni (gy\u00f3gyszert\u00e1rakban hozz\u00e1f\u00e9rhet\u0151), \u00e9s nagy \u00e1tfed\u00e9ssel tekerj\u00fck a fegyverre, \u00edgy r\u00f6gt\u00f6n k\u00e9tr\u00e9teg\u0171 bor\u00edt\u00e1st kapunk. Ezut\u00e1n az eg\u00e9sz textillel betekert fel\u00fcletet a fentiek szerint hig\u00edtott faragaszt\u00f3val kenj\u00fck \u00e1t, \u00e9s a m\u0171veletet kb. 1-1 \u00f3r\u00e1s sz\u00e1rad\u00e1st k\u00f6vet\u0151en 2-3 alkalommal ism\u00e9telj\u00fck meg. Ezzel a m\u00f3dszerrel a fegyveren egy meglehet\u0151sen ellen\u00e1ll\u00f3, b\u0151rszer\u0171 r\u00e9teg k\u00e9pz\u0151dik, mert a ragaszt\u00f3 \u00f6sszefogja a textilsz\u00e1lakat \u00e9s a farostokat, nem engedi foszlani az anyagot. A ragaszt\u00f3 1 nap alatt sz\u00e1rad meg teljesen.<\/p>\n<p>Be lehet tekerni az eg\u00e9sz penger\u00e9szt a sz\u00e1lk\u00e1sod\u00e1s megel\u0151z\u0151s\u00e9re. Nem t\u00f6k\u00e9letes megold\u00e1s, nem t\u00fal eleg\u00e1ns, a fel\u00fclet el\u00e9g spr\u0151d, de sokkal jobb, mint a sz\u00e1lk\u00e1k, \u00e9s egy fokkal jobban mutat, mint az b\u00e1rmilyen sz\u00edn\u0171 szigetel\u0151szalag. A fegyver elrak\u00e1sakor vicces hangja van, ahogy a leukoplaszt-bord\u00e1k s\u00farl\u00f3dnak, de h\u00e1t evil\u00e1gon semmi sem t\u00f6k\u00e9letes.<\/p>\n","protected":false},"excerpt":{"rendered":"<p>A bokken Sz\u00f3 szerint fa kardot jelent: bok-fa, ken-kard. Anyaga valamilyen kem\u00e9nyfa, leggyakrabban mahag\u00f3ni (a v\u00f6r\u00f6s p\u00e9ld\u00e1nyok \u00e1ltal\u00e1ban mahag\u00f3nib\u00f3l vannak, de nem kell meglep\u0151dni, nagyon sokf\u00e9le mahag\u00f3ni fafaj l\u00e9tezik, \u00e9s [&hellip;]<\/p>\n","protected":false},"author":1,"featured_media":0,"parent":0,"menu_order":0,"comment_status":"closed","ping_status":"closed","template":"","meta":[],"_links":{"self":[{"href":"https:\/\/www.shinkendo.hu\/index.php?rest_route=\/wp\/v2\/pages\/25"}],"collection":[{"href":"https:\/\/www.shinkendo.hu\/index.php?rest_route=\/wp\/v2\/pages"}],"about":[{"href":"https:\/\/www.shinkendo.hu\/index.php?rest_route=\/wp\/v2\/types\/page"}],"author":[{"embeddable":true,"href":"https:\/\/www.shinkendo.hu\/index.php?rest_route=\/wp\/v2\/users\/1"}],"replies":[{"embeddable":true,"href":"https:\/\/www.shinkendo.hu\/index.php?rest_route=%2Fwp%2Fv2%2Fcomments&post=25"}],"version-history":[{"count":21,"href":"https:\/\/www.shinkendo.hu\/index.php?rest_route=\/wp\/v2\/pages\/25\/revisions"}],"predecessor-version":[{"id":32,"href":"https:\/\/www.shinkendo.hu\/index.php?rest_route=\/wp\/v2\/pages\/25\/revisions\/32"}],"wp:attachment":[{"href":"https:\/\/www.shinkendo.hu\/index.php?rest_route=%2Fwp%2Fv2%2Fmedia&parent=25"}],"curies":[{"name":"wp","href":"https:\/\/api.w.org\/{rel}","templated":true}]}}