{"id":41,"date":"2009-10-11T19:27:31","date_gmt":"2009-10-11T17:27:31","guid":{"rendered":"http:\/\/www.shinkendo.hu\/test\/?page_id=41"},"modified":"2010-06-28T11:21:02","modified_gmt":"2010-06-28T09:21:02","slug":"tagfelvetel","status":"publish","type":"page","link":"https:\/\/www.shinkendo.hu\/?page_id=41","title":{"rendered":"Tagfelv\u00e9tel"},"content":{"rendered":"<p>Azt szoktuk javasolni, hogy aki kedvet \u00e9rez a kardforgat\u00e1shoz, j\u00f6jj\u00f6n  el \u00e9s n\u00e9zzen meg egy edz\u00e9st. Nem ker\u00fcl semmibe, \u00e9s nincs ann\u00e1l  hitelesebb, mint amit az ember a saj\u00e1t szem\u00e9vel l\u00e1t.<\/p>\n<p>\u00c9rdemes el\u0151tte egyeztetni a megc\u00e9lzott doj\u00f3 edz\u0151j\u00e9vel az Edz\u00e9sek  oldalon tal\u00e1lhat\u00f3 inform\u00e1ci\u00f3 alapj\u00e1n.<\/p>\n<p>A tagfelv\u00e9tel minden doj\u00f3ban folyamatos, eg\u00e9sz \u00e9vben, t\u00e9len-ny\u00e1ron  lehet jelentkezni \u00e9s sz\u00edvesen l\u00e1tunk mindenkit. A jelentkez\u0151 elj\u00f6n,  bemutatkozik az edz\u00e9s vezet\u0151j\u00e9nek, \u00e9s ha \u00fagy van \u00f6lt\u00f6zve, ak\u00e1r be is  \u00e1llhat \u00e9s csin\u00e1lhatja.<\/p>\n<p><strong>Ruh\u00e1zat<\/strong><\/p>\n<p>Edz\u00e9seken az egyszer\u0171 feh\u00e9r karate- vagy judo-git viselj\u00fck feh\u00e9r  \u00f6vvel. A shinkend\u00f3ban nincsenek sz\u00ednes \u00f6vek, mert a rangok jelz\u00e9s\u00e9re a  j\u00f3val kor\u00e1bbi id\u0151kre jellemz\u0151 rendszert haszn\u00e1ljuk: a mesternek fekete  \u00f6ve van, a tan\u00edtv\u00e1nyoknak feh\u00e9r.<\/p>\n<p>Hakama visel\u00e9se az els\u0151 vizsga ut\u00e1n enged\u00e9lyezett.<\/p>\n<p>Ha valaki m\u00e1s harcm\u0171v\u00e9szeti st\u00edlusokban m\u00e1s \u00f6lt\u00f6zetet viselt  kor\u00e1bban, r\u00f6vidt\u00e1von nem gond. Ha az els\u0151 edz\u00e9sekre nem siker\u00fcl feh\u00e9r  git beszerezni, t\u00f6k\u00e9letesen megfelel egy p\u00f3l\u00f3 \u00e9s egy meleg\u00edt\u0151nadr\u00e1g is  (ami nem susog).<\/p>\n<p>A teremben t\u00e9len hideg van: aki akar, tabit, zoknit, a gi alatt feh\u00e9r  p\u00f3l\u00f3t nyugodtan viselhet.<\/p>\n<p><strong>Fegyver<\/strong><\/p>\n<p>Sz\u00fcks\u00e9g van egy f\u00e1b\u00f3l k\u00e9sz\u00fclt gyakorl\u00f3kardra, azaz bokkenre. Nem kell  t\u00falz\u00e1sba esni, az els\u0151 bokkenbe p\u00e1r ezer forintn\u00e1l nem \u00e9rdemes t\u00f6bbet  bele\u00f6lni. Az is megoldhat\u00f3, hogy az els\u0151 p\u00e1r edz\u00e9sre adunk k\u00f6lcs\u00f6n  egyet. Gyakorlatilag b\u00e1rmelyik harm\u0171v\u00e9szeti boltban kaphat\u00f3 bokken. Ha  lehet\u0151s\u00e9g van v\u00e1logatni, keress\u00fcnk egy olyan p\u00e9ld\u00e1nyt, ami nincs  elrepedve, min\u00e9l s\u00falyosabb \u00e9s k\u00e9nyelmes fog\u00e1sa illetve j\u00f3 s\u00falyeloszt\u00e1sa  van (k\u00edm\u00e9li a csukl\u00f3t).<\/p>\n","protected":false},"excerpt":{"rendered":"<p>Azt szoktuk javasolni, hogy aki kedvet \u00e9rez a kardforgat\u00e1shoz, j\u00f6jj\u00f6n el \u00e9s n\u00e9zzen meg egy edz\u00e9st. Nem ker\u00fcl semmibe, \u00e9s nincs ann\u00e1l hitelesebb, mint amit az ember a saj\u00e1t szem\u00e9vel [&hellip;]<\/p>\n","protected":false},"author":1,"featured_media":0,"parent":0,"menu_order":0,"comment_status":"closed","ping_status":"closed","template":"","meta":[],"_links":{"self":[{"href":"https:\/\/www.shinkendo.hu\/index.php?rest_route=\/wp\/v2\/pages\/41"}],"collection":[{"href":"https:\/\/www.shinkendo.hu\/index.php?rest_route=\/wp\/v2\/pages"}],"about":[{"href":"https:\/\/www.shinkendo.hu\/index.php?rest_route=\/wp\/v2\/types\/page"}],"author":[{"embeddable":true,"href":"https:\/\/www.shinkendo.hu\/index.php?rest_route=\/wp\/v2\/users\/1"}],"replies":[{"embeddable":true,"href":"https:\/\/www.shinkendo.hu\/index.php?rest_route=%2Fwp%2Fv2%2Fcomments&post=41"}],"version-history":[{"count":7,"href":"https:\/\/www.shinkendo.hu\/index.php?rest_route=\/wp\/v2\/pages\/41\/revisions"}],"predecessor-version":[{"id":43,"href":"https:\/\/www.shinkendo.hu\/index.php?rest_route=\/wp\/v2\/pages\/41\/revisions\/43"}],"wp:attachment":[{"href":"https:\/\/www.shinkendo.hu\/index.php?rest_route=%2Fwp%2Fv2%2Fmedia&parent=41"}],"curies":[{"name":"wp","href":"https:\/\/api.w.org\/{rel}","templated":true}]}}