{"id":437,"date":"2009-10-18T23:55:27","date_gmt":"2009-10-18T21:55:27","guid":{"rendered":"http:\/\/www.shinkendo.hu\/test\/?page_id=437"},"modified":"2014-09-17T13:58:05","modified_gmt":"2014-09-17T11:58:05","slug":"nagy-robert","status":"publish","type":"page","link":"https:\/\/www.shinkendo.hu\/?page_id=437","title":{"rendered":"Nagy R\u00f3bert"},"content":{"rendered":"<p>Nagy R\u00f3bert sensei a m\u00e1sodik Budapesti dojo ( Sz\u00e9l H\u00eddja Dojo &#8211; Kaze no Hashi Dojo) egyik alap\u00edt\u00f3 instruktora, 2006 \u00f3ta tan\u00edt shinkendo-t.<\/p>\n<p>Fokozatai:<\/p>\n<p>Shinkendo Ji-e, \u00a0Shoden Renshi<br \/>\nToyama-ryu Battojutsu \u2013 Shodan<\/p>\n<p><a href=\"https:\/\/www.shinkendo.hu\/wp-content\/uploads\/2009\/10\/dotangiri_rob_2010.jpg\"><img loading=\"lazy\" class=\"size-medium wp-image-1025 alignleft\" title=\"Dotangiri RoB 2010\" src=\"https:\/\/www.shinkendo.hu\/wp-content\/uploads\/2009\/10\/dotangiri_rob_2010-269x300.jpg\" alt=\"\" width=\"269\" height=\"300\" srcset=\"https:\/\/www.shinkendo.hu\/wp-content\/uploads\/2009\/10\/dotangiri_rob_2010-269x300.jpg 269w, https:\/\/www.shinkendo.hu\/wp-content\/uploads\/2009\/10\/dotangiri_rob_2010.jpg 359w\" sizes=\"(max-width: 269px) 100vw, 269px\" \/><\/a><a href=\"https:\/\/www.shinkendo.hu\/wp-content\/uploads\/2009\/10\/kasumi_rob_2006.jpg\"><img loading=\"lazy\" class=\"size-medium wp-image-1026 alignleft\" title=\"Kasumi RoB 2006\" src=\"https:\/\/www.shinkendo.hu\/wp-content\/uploads\/2009\/10\/kasumi_rob_2006-233x300.jpg\" alt=\"\" width=\"233\" height=\"300\" srcset=\"https:\/\/www.shinkendo.hu\/wp-content\/uploads\/2009\/10\/kasumi_rob_2006-233x300.jpg 233w, https:\/\/www.shinkendo.hu\/wp-content\/uploads\/2009\/10\/kasumi_rob_2006.jpg 400w\" sizes=\"(max-width: 233px) 100vw, 233px\" \/><\/a><a href=\"https:\/\/www.shinkendo.hu\/wp-content\/uploads\/2009\/10\/kiaii_rob_2009.jpg\"><img loading=\"lazy\" class=\"alignleft size-medium wp-image-1028\" title=\"Kiaii RoB 2009\" src=\"https:\/\/www.shinkendo.hu\/wp-content\/uploads\/2009\/10\/kiaii_rob_2009-269x300.jpg\" alt=\"\" width=\"269\" height=\"300\" srcset=\"https:\/\/www.shinkendo.hu\/wp-content\/uploads\/2009\/10\/kiaii_rob_2009-269x300.jpg 269w, https:\/\/www.shinkendo.hu\/wp-content\/uploads\/2009\/10\/kiaii_rob_2009.jpg 359w\" sizes=\"(max-width: 269px) 100vw, 269px\" \/><\/a><a href=\"https:\/\/www.shinkendo.hu\/wp-content\/uploads\/2009\/10\/nito_rob_2009.jpg\"><img loading=\"lazy\" class=\"alignleft size-medium wp-image-1030\" title=\"Nito RoB 2009\" src=\"https:\/\/www.shinkendo.hu\/wp-content\/uploads\/2009\/10\/nito_rob_2009-215x300.jpg\" alt=\"\" width=\"215\" height=\"300\" srcset=\"https:\/\/www.shinkendo.hu\/wp-content\/uploads\/2009\/10\/nito_rob_2009-215x300.jpg 215w, https:\/\/www.shinkendo.hu\/wp-content\/uploads\/2009\/10\/nito_rob_2009.jpg 386w\" sizes=\"(max-width: 215px) 100vw, 215px\" \/><\/a><\/p>\n","protected":false},"excerpt":{"rendered":"<p>Nagy R\u00f3bert sensei a m\u00e1sodik Budapesti dojo ( Sz\u00e9l H\u00eddja Dojo &#8211; Kaze no Hashi Dojo) egyik alap\u00edt\u00f3 instruktora, 2006 \u00f3ta tan\u00edt shinkendo-t. Fokozatai: Shinkendo Ji-e, \u00a0Shoden Renshi Toyama-ryu Battojutsu [&hellip;]<\/p>\n","protected":false},"author":1,"featured_media":0,"parent":36,"menu_order":0,"comment_status":"closed","ping_status":"closed","template":"","meta":[],"_links":{"self":[{"href":"https:\/\/www.shinkendo.hu\/index.php?rest_route=\/wp\/v2\/pages\/437"}],"collection":[{"href":"https:\/\/www.shinkendo.hu\/index.php?rest_route=\/wp\/v2\/pages"}],"about":[{"href":"https:\/\/www.shinkendo.hu\/index.php?rest_route=\/wp\/v2\/types\/page"}],"author":[{"embeddable":true,"href":"https:\/\/www.shinkendo.hu\/index.php?rest_route=\/wp\/v2\/users\/1"}],"replies":[{"embeddable":true,"href":"https:\/\/www.shinkendo.hu\/index.php?rest_route=%2Fwp%2Fv2%2Fcomments&post=437"}],"version-history":[{"count":11,"href":"https:\/\/www.shinkendo.hu\/index.php?rest_route=\/wp\/v2\/pages\/437\/revisions"}],"predecessor-version":[{"id":1880,"href":"https:\/\/www.shinkendo.hu\/index.php?rest_route=\/wp\/v2\/pages\/437\/revisions\/1880"}],"up":[{"embeddable":true,"href":"https:\/\/www.shinkendo.hu\/index.php?rest_route=\/wp\/v2\/pages\/36"}],"wp:attachment":[{"href":"https:\/\/www.shinkendo.hu\/index.php?rest_route=%2Fwp%2Fv2%2Fmedia&parent=437"}],"curies":[{"name":"wp","href":"https:\/\/api.w.org\/{rel}","templated":true}]}}