{"id":58,"date":"2009-10-12T01:01:00","date_gmt":"2009-10-11T23:01:00","guid":{"rendered":"http:\/\/www.shinkendo.hu\/test\/?page_id=58"},"modified":"2012-04-24T09:33:42","modified_gmt":"2012-04-24T07:33:42","slug":"lajos-roland","status":"publish","type":"page","link":"https:\/\/www.shinkendo.hu\/?page_id=58","title":{"rendered":"Lajos Roland"},"content":{"rendered":"<div class=\"pie-gallery alignGalleryLeft\">\n<p class=\"pie-item\" style=\"margin: 10px 10px 10px 10px;\">Lajos Roland sensei a Shinkendo magyarorsz\u00e1gi megteremt\u0151je, a Nemzetk\u00f6zi Shinkendo Sz\u00f6vets\u00e9g (ISF) magyar, szlov\u00e1k, osztr\u00e1k, lengyel \u00e9s ukrajnai vezet\u0151je.\u00a0 1998-ban ker\u00fclt kapcsolatba Obata Kaisoval, akinek szem\u00e9lyes tan\u00edtv\u00e1nya. \u00datmutat\u00e1sai seg\u00edts\u00e9g\u00e9vel magasan k\u00e9pzett instruktorok &#8222;n\u0151ttek fel&#8221; az elm\u00falt \u00e9vekben, \u00edgy a magyarorsz\u00e1gi edz\u0151termek (Dojo-k) sz\u00e1ma megsokasodott \u00e9s folyamatosan n\u0151.\u00a0 Eur\u00f3pa szerte tart szemin\u00e1riumokat.<\/p>\n<p>Fokozatai:<\/p>\n<p>Shinkendo \u2013 Toku-i, Kyoshi<br \/>\nToyama-ryu Battojutsu \u2013 Go(5)\u00a0 dan, Renshi<\/p>\n<p>Rend\u00e9szeti Kik\u00e9pz\u0151k Igazgat\u00f3s\u00e1ga (f\u0151instruktor)<\/p>\n<p>1985-ben kezdett harcm\u0171v\u00e9szetekkel \u00e9s k\u00fczd\u0151sporttal foglalkozni, k\u00fcl\u00f6nf\u00e9le pusztakezes<br \/>\nir\u00e1nyzatokban sz\u00e1mos dan fokozattal rendelkezik.<\/p>\n<p>El\u00e9rhet\u0151: info@shinkendo.hu vagy +36 30 357 3834<\/p>\n<p class=\"pie-img-wrapper\"><a class=\"thickbox\" href=\"http:\/\/lh6.ggpht.com\/_5VmN1qnj8tM\/StIw748UtCI\/AAAAAAAAAn0\/ZEoGJR10NDM\/002.jpg?imgmax=720\" rel=\"2009-9-1-1-3-19\"><br \/>\n<\/a><\/p>\n<div class=\"pie-item\" style=\"margin: 10px 10px 10px 10px;\">\n<p class=\"pie-img-wrapper\"><a class=\"thickbox\" href=\"http:\/\/lh3.ggpht.com\/_5VmN1qnj8tM\/StIw8thKnAI\/AAAAAAAAAoA\/ncF3WFdBllg\/052.jpg?imgmax=720\" rel=\"2009-9-1-1-3-19\"><img loading=\"lazy\" class=\"pie-img alignright\" src=\"http:\/\/lh3.ggpht.com\/_5VmN1qnj8tM\/StIw8thKnAI\/AAAAAAAAAoA\/ncF3WFdBllg\/s144-c\/052.jpg\" alt=\"052.jpg\" width=\"144\" height=\"144\" \/><\/a><\/p>\n<\/div>\n<div class=\"pie-item\" style=\"margin: 10px 10px 10px 10px;\"><\/div>\n<div class=\"pie-item\" style=\"margin: 10px 10px 10px 10px;\">\n<p class=\"pie-img-wrapper\"><a class=\"thickbox\" href=\"http:\/\/lh4.ggpht.com\/_5VmN1qnj8tM\/StIw_06-jmI\/AAAAAAAAACo\/Kzs_IJ-HkCw\/100.jpg?imgmax=720\" rel=\"2009-9-1-1-3-19\"><img loading=\"lazy\" class=\"pie-img alignright\" src=\"http:\/\/lh4.ggpht.com\/_5VmN1qnj8tM\/StIw_06-jmI\/AAAAAAAAACo\/Kzs_IJ-HkCw\/s144-c\/100.jpg\" alt=\"100.jpg\" width=\"144\" height=\"144\" \/><\/a><\/p>\n<\/div>\n<div class=\"pie-item\" style=\"margin: 10px 10px 10px 10px;\">\n<p class=\"pie-img-wrapper\"><a class=\"thickbox\" href=\"http:\/\/lh5.ggpht.com\/_5VmN1qnj8tM\/StIxCh_IKqI\/AAAAAAAAADE\/a9sk6Lq38WA\/114.jpg?imgmax=720\" rel=\"2009-9-1-1-3-19\"><img loading=\"lazy\" class=\"pie-img alignright\" src=\"http:\/\/lh5.ggpht.com\/_5VmN1qnj8tM\/StIxCh_IKqI\/AAAAAAAAADE\/a9sk6Lq38WA\/s144-c\/114.jpg\" alt=\"114.jpg\" width=\"144\" height=\"144\" \/><\/a><a class=\"thickbox\" href=\"http:\/\/lh6.ggpht.com\/_5VmN1qnj8tM\/StIw748UtCI\/AAAAAAAAAn0\/ZEoGJR10NDM\/002.jpg?imgmax=720\" rel=\"2009-9-1-1-3-19\"><img loading=\"lazy\" class=\"pie-img alignright\" src=\"http:\/\/lh6.ggpht.com\/_5VmN1qnj8tM\/StIw748UtCI\/AAAAAAAAAn0\/ZEoGJR10NDM\/s144-c\/002.jpg\" alt=\"002.jpg\" width=\"144\" height=\"144\" \/><\/a><\/p>\n<p class=\"pie-img-wrapper\">\n<\/div>\n<\/div>\n","protected":false},"excerpt":{"rendered":"<p>Lajos Roland sensei a Shinkendo magyarorsz\u00e1gi megteremt\u0151je, a Nemzetk\u00f6zi Shinkendo Sz\u00f6vets\u00e9g (ISF) magyar, szlov\u00e1k, osztr\u00e1k, lengyel \u00e9s ukrajnai vezet\u0151je.\u00a0 1998-ban ker\u00fclt kapcsolatba Obata Kaisoval, akinek szem\u00e9lyes tan\u00edtv\u00e1nya. \u00datmutat\u00e1sai seg\u00edts\u00e9g\u00e9vel magasan [&hellip;]<\/p>\n","protected":false},"author":1,"featured_media":0,"parent":36,"menu_order":0,"comment_status":"closed","ping_status":"closed","template":"","meta":[],"_links":{"self":[{"href":"https:\/\/www.shinkendo.hu\/index.php?rest_route=\/wp\/v2\/pages\/58"}],"collection":[{"href":"https:\/\/www.shinkendo.hu\/index.php?rest_route=\/wp\/v2\/pages"}],"about":[{"href":"https:\/\/www.shinkendo.hu\/index.php?rest_route=\/wp\/v2\/types\/page"}],"author":[{"embeddable":true,"href":"https:\/\/www.shinkendo.hu\/index.php?rest_route=\/wp\/v2\/users\/1"}],"replies":[{"embeddable":true,"href":"https:\/\/www.shinkendo.hu\/index.php?rest_route=%2Fwp%2Fv2%2Fcomments&post=58"}],"version-history":[{"count":22,"href":"https:\/\/www.shinkendo.hu\/index.php?rest_route=\/wp\/v2\/pages\/58\/revisions"}],"predecessor-version":[{"id":62,"href":"https:\/\/www.shinkendo.hu\/index.php?rest_route=\/wp\/v2\/pages\/58\/revisions\/62"}],"up":[{"embeddable":true,"href":"https:\/\/www.shinkendo.hu\/index.php?rest_route=\/wp\/v2\/pages\/36"}],"wp:attachment":[{"href":"https:\/\/www.shinkendo.hu\/index.php?rest_route=%2Fwp%2Fv2%2Fmedia&parent=58"}],"curies":[{"name":"wp","href":"https:\/\/api.w.org\/{rel}","templated":true}]}}