{"id":636,"date":"2010-06-23T12:04:55","date_gmt":"2010-06-23T10:04:55","guid":{"rendered":"http:\/\/www.shinkendo.hu\/test\/?page_id=636"},"modified":"2012-05-20T19:36:39","modified_gmt":"2012-05-20T17:36:39","slug":"obata-kaiso","status":"publish","type":"page","link":"https:\/\/www.shinkendo.hu\/?page_id=636","title":{"rendered":"Obata Kaiso"},"content":{"rendered":"<h1>Obata Toshishiro<\/h1>\n<p>&nbsp;<\/p>\n<div id=\"attachment_640\" style=\"width: 265px\" class=\"wp-caption alignright\"><a href=\"https:\/\/www.shinkendo.hu\/wp-content\/uploads\/2010\/06\/obata_portrait_1.gif\"><img aria-describedby=\"caption-attachment-640\" loading=\"lazy\" class=\"size-medium wp-image-640\" title=\"Obata Toshishiro\" src=\"https:\/\/www.shinkendo.hu\/wp-content\/uploads\/2010\/06\/obata_portrait_1-255x300.gif\" alt=\"\" width=\"255\" height=\"300\" srcset=\"https:\/\/www.shinkendo.hu\/wp-content\/uploads\/2010\/06\/obata_portrait_1-255x300.gif 255w, https:\/\/www.shinkendo.hu\/wp-content\/uploads\/2010\/06\/obata_portrait_1.gif 275w\" sizes=\"(max-width: 255px) 100vw, 255px\" \/><\/a><p id=\"caption-attachment-640\" class=\"wp-caption-text\">Obata Toshishiro<\/p><\/div>\n<p>Az Obata csal\u00e1d a Heike kl\u00e1n szamur\u00e1jainak lesz\u00e1rmazottja. Obata Toshishiro Jap\u00e1nban, Gunma tartom\u00e1nyban sz\u00fcletett 1948-ban. Obata \u00far, Obata Toramori (a huszonn\u00e9gy legh\u00edresebb strat\u00e9ga egyike) egyenes \u00e1gi lesz\u00e1rmazottja, aki a Takeda csal\u00e1d t\u00e1bornoka \u00e9s hadvez\u00e9re volt a Sengoku korban. K\u00e9sobb Toramori a Shin Shu (Nagano) tartom\u00e1nyban l\u00e9vo Kaizu Jo (v\u00e1r) ura lett.<\/p>\n<p>18 \u00e9ves kor\u00e1ban, Obata Toshishiro uchi deshi (bentlak\u00f3 tanul\u00f3) lett a Yoshinkan Aikido k\u00f6zpontban Toki\u00f3ban az alap\u00edt\u00f3 mester Gozo Shioda kiemelt tan\u00edtv\u00e1nyak\u00e9nt. Obata \u00far h\u00e9t \u00e9vig volt instruktor a Yoshinkanban, sz\u00e1mos egyetemen vezetett edz\u00e9seket, a toki\u00f3i rohamosztagn\u00e1l \u00e9s a Jap\u00e1n \u00d6nv\u00e9delmi alakulatn\u00e1l, pedig kik\u00e9pzok\u00e9nt dolgozott.<\/p>\n<p>A kardv\u00edv\u00e1ssal elosz\u00f6r az aikido edz\u00e9seken tal\u00e1lkozott, de szerette volna ezt a tud\u00e1s\u00e1t kibov\u00edteni, \u00edgy a fiatal Obata elkezdett m\u00e1s st\u00edlusokat is tanulni. T\u00f6bbek k\u00f6z\u00f6tt Yagyu-ryu kardv\u00edv\u00e1st a huszonegyedik gener\u00e1ci\u00f3s Soke Yagyu Nobuharu mestertol, de emellett a Shiyukai iskol\u00e1ban zennel is foglalkozott. Uchi deshik\u00e9nt viszont nem tudott m\u00e1s st\u00edlusokkal komolyabban foglalkozni, ez\u00e9rt 1973-ban elhagyta a Yoshinkan iskol\u00e1t.<\/p>\n<p>K\u00e9sobb csatlakozott a Toki\u00f3 Wakakomahoz, amely egy elit harcmuv\u00e9sz t\u00e1rsulat. Tagjai akci\u00f3jelenet koreogr\u00e1fusok, sz\u00edn\u00e9szek \u00e9s kaszkador\u00f6k, \u00edgy n\u00e9lk\u00fcl\u00f6zhetetlen szereploi a jap\u00e1n t\u00e9v\u00e9 \u00e9s mozi vil\u00e1g\u00e1nak. A Toki\u00f3 Wakakomaban szerzett tapasztalatai \u00e9s harcmuv\u00e9szeti kapcsolatai lehetov\u00e9 tett\u00e9k neki, hogy komolyabban foglalkozzon a hagyom\u00e1nyos kardforgat\u00f3 \u00e9s egy\u00e9b budo (jap\u00e1n harcmuv\u00e9szet) ir\u00e1nyzatokkal &#8211; egyidejuleg fejlesztve akci\u00f3koordin\u00e1tori \u00e9s sz\u00edn\u00e9szi k\u00e9pess\u00e9geit is. K\u00e9sobb a Tate dojot\u00f3l (a Wakakom\u00e1n bel\u00fcli szervezet) Bushido Shihan rangot kapta \u00e9s ezzel ir\u00e1ny\u00edt\u00f3ja lett a Bajutsu (l\u00f3h\u00e1tr\u00f3l val\u00f3 \u00edjaz\u00e1s), Yoroi (a tradicion\u00e1lis ruh\u00e1k \u00e9s v\u00e9rtezet visel\u00e9se), Yarijutsu (l\u00e1ndzsa) \u00e9s a Naginata (jap\u00e1n alab\u00e1rd) oktat\u00e1s\u00e1nak.<\/p>\n<div id=\"attachment_639\" style=\"width: 204px\" class=\"wp-caption alignleft\"><a href=\"https:\/\/www.shinkendo.hu\/wp-content\/uploads\/2010\/06\/youngobata.gif\"><img aria-describedby=\"caption-attachment-639\" loading=\"lazy\" class=\"size-medium wp-image-639 \" title=\"Young Obata Toshishiro\" src=\"https:\/\/www.shinkendo.hu\/wp-content\/uploads\/2010\/06\/youngobata-194x300.gif\" alt=\"\" width=\"194\" height=\"300\" srcset=\"https:\/\/www.shinkendo.hu\/wp-content\/uploads\/2010\/06\/youngobata-194x300.gif 194w, https:\/\/www.shinkendo.hu\/wp-content\/uploads\/2010\/06\/youngobata.gif 275w\" sizes=\"(max-width: 194px) 100vw, 194px\" \/><\/a><p id=\"caption-attachment-639\" class=\"wp-caption-text\">Young Obata Toshishiro<\/p><\/div>\n<p>1980-ban Obata \u00far \u00e1tk\u00f6lt\u00f6z\u00f6tt az Egyes\u00fclt \u00c1llamokba, ahol sz\u00edn\u00e9szi \u00e9s akci\u00f3koreogr\u00e1fusi karrierj\u00e9t szerette volna folytatni. T\u00edz \u00e9vig volt Soke (vezeto mester) az USA Toyama \u00e9s Nakamura Ryu Battodo Sz\u00f6vets\u00e9gn\u00e9l. Ebben az idoben alkotta meg saj\u00e1t st\u00edlus\u00e1t: a Shinkendot &#8211; harcmuv\u00e9szeti tud\u00e1sa, tapasztalatai \u00e9s t\u00f6rt\u00e9nelmi kutat\u00e1sai alapj\u00e1n.<\/p>\n<p>Ma a Nemzetk\u00f6zi Shinkendo Sz\u00f6vets\u00e9g egy olyan szervezet, amely a val\u00f3di jap\u00e1n kardv\u00edv\u00e1s technik\u00e1it \u00e9s filoz\u00f3fi\u00e1j\u00e1t hivatott tan\u00edtani. 1996-ban Obata \u00far megalap\u00edtotta az Aikibujutsu Tanren Kenkyukait. Ez egy olyan szervezet, amely egyar\u00e1nt alkalmazza a bujutsu \u00e9s a budo technik\u00e1it, eg\u00e9szen az Aikibujutsu legr\u00e9gebbi form\u00e1j\u00e1t\u00f3l a modern aikidoig \u00e9s taihojutsuig (kontrol\u00e1l\u00f3 \u00e9s \u00e1rtalmatlann\u00e1 tevo ir\u00e1nyzatok, amelyeket a t\u00f6rv\u00e9nyv\u00e9grehajt\u00e1sban \u00e9s az orz\u00e9s-v\u00e9d\u00e9s ter\u00fcletein haszn\u00e1lnak). Ezek az Obata \u00far \u00e1ltal l\u00e9trehozott szervezetek a hat\u00e1sos \u00e9s tradicion\u00e1lis technik\u00e1k gyakorl\u00e1s\u00e1t tuzik ki c\u00e9lul, amelyek lehetov\u00e9 teszik a gyakorlati k\u00e9pess\u00e9gek fejleszt\u00e9s\u00e9t, elsaj\u00e1t\u00edt\u00e1s\u00e1t \u00e9s a klasszikus jap\u00e1n harcmuv\u00e9szeti st\u00edlusok meg\u00e9rt\u00e9s\u00e9t.<\/p>\n<p>Obata \u00far eg\u00e9sz \u00e9let\u00e9t a jap\u00e1n budonak (tradicion\u00e1lis harcmuv\u00e9szeteknek) \u00e1ldozta, \u00edgy p\u00e9lda n\u00e9lk\u00fcli m\u00f3don saj\u00e1t\u00edthatta el az osi szamur\u00e1jok technik\u00e1it, filoz\u00f3fi\u00e1j\u00e1t \u00e9s t\u00f6rt\u00e9nelm\u00e9nek ismeret\u00e9t. Az\u00e9rt, hogy tapasztalatait \u00e9s tud\u00e1s\u00e1t megossza m\u00e1sokkal, gyakran t\u00f6lti idej\u00e9t a Los-angelesi hombu (k\u00f6zponti) dojon k\u00edv\u00fcl, hogy a vil\u00e1g m\u00e1s pontjain l\u00e9vo iskol\u00e1kban is tan\u00edthasson. A tanul\u00f3knak \u00e9s a tan\u00edt\u00f3knak \u00e1tadott tud\u00e1s, az egy\u00fctt t\u00f6lt\u00f6tt edz\u00e9sek lehetov\u00e9 tett\u00e9k egy eros szervezet kialakul\u00e1s\u00e1t. M\u00e1ra, t\u00f6bb mint hatvan k\u00fcl\u00f6n\u00e1ll\u00f3 iskola tan\u00edt shinkendot \u00e9s aikibukent vil\u00e1gszerte.<\/p>\n<p>Amikor nem oktat\u00e1ssal t\u00f6lti idej\u00e9t vagy nem szemin\u00e1riumokat tart, Obata \u00far a filmvil\u00e1gban tev\u00e9kenykedik. Forgat\u00f3k\u00f6nyveket \u00edr, akci\u00f3- \u00e9s kaszkadori koreogr\u00e1fi\u00e1kon dolgozik \u00e9s sz\u00edn\u00e9szkedik. (N\u00e9h\u00e1ny film, amiben l\u00e1thattuk: Fekete eso, D\u00fch \u00e9s becs\u00fclet, A felkelo nap, A puszt\u00edt\u00f3, Az \u00e1rny\u00e9k, Lesz\u00e1mol\u00e1s Kis Toki\u00f3ban, A pr\u00e9da.)<\/p>\n<p>Obata \u00far abban a megtiszteltet\u00e9sben r\u00e9szes\u00fclt, hogy sok &#8211; a saj\u00e1t st\u00edlus\u00e1ban elismert neves mestertol tanulhatott. T\u00f6bbek k\u00f6z\u00f6tt:<\/p>\n<ul type=\"disc\">\n<li>Gozo Shioda mestertol Yoshinkan Aikidot<\/li>\n<li>Yagyu Nobuharu XXI. gener\u00e1ci\u00f3s mestertol Yagyu Ryu Kardv\u00edv\u00e1st<\/li>\n<li>Uchida Tesshisai mestertol Ioriken Battojutsut<\/li>\n<li>Nakamura Taizaburo mestertol Toyama-ryu \u00e9s Nakamura-ryu Battojutsut<\/li>\n<li>Tanaka Shigeho mestertol Kashima Shin-ryut<\/li>\n<li>Inoue Motokatsu mestertol Ryukyu Kobudot<\/li>\n<li>Nawa Yumio mestertol Masaki Ryu Manrikigusarit illetve Juttejutsut \u00e9s Ninpot<\/li>\n<\/ul>\n<p>C\u00edmei \u00e9s eredm\u00e9nyei:<\/p>\n<ul type=\"disc\">\n<li>Vezeto instruktora az USA Toyama Ryu Battodo Sz\u00f6vets\u00e9gnek \u00e9s Honbunak.<\/li>\n<li>Vezeto instruktora az USA Nakamura Ryu Battodo Sz\u00f6vets\u00e9gnek \u00e9s Honbunak.<\/li>\n<li>Vezeto instruktora az USA Bugekikai Aikidonak<\/li>\n<li>Az Egyes\u00fclt \u00c1llamok Battodo sz\u00f6vets\u00e9g\u00e9nek Honbu vezetoje<\/li>\n<li>SoShihan a Nippon Battodo So Renmeinek az Egyes\u00fclt \u00c1llamokban<\/li>\n<li>\u00daj rekordot \u00e1ll\u00edtott fel tradicion\u00e1lis kabutowarival (kardtesztel\u00e9skor v\u00e9grehajtott v\u00e1g\u00e1s p\u00e1nc\u00e9lsisakon)<\/li>\n<li>Ioriken Battojutsu v\u00e1g\u00e1sverseny\u00e9nek n\u00e9gyszeres bajnoka.<\/li>\n<li>A Jap\u00e1n Battodo v\u00e1g\u00e1sversenyen k\u00e9tszeres nemzeti bajnok.<\/li>\n<li>Shitoka (kardtesztelo) az egykori Kobayashi Yasuhiro kardkov\u00e1csnak.<\/li>\n<li>K\u00e9t \u00e9vig Jap\u00e1n Toyama Ryu bajnok volt.<\/li>\n<li>Bujutsu Shihan (vezeto instruktor) a Tate dojoban.<\/li>\n<li>Tateshi (film koreogr\u00e1fus) Hayashi Kunishiro mestern\u00e9l.<\/li>\n<li>A W. M. Hawley mag\u00e1nk\u00f6nyvt\u00e1r jap\u00e1n r\u00e9szleg\u00e9nek kur\u00e1tora<\/li>\n<li>Obata \u00far rendelkezik a Menkyo Kaiden, Keishu Denju, Shihan rangokkal \u00e9s \u00f6sszesen 75 Dan (fekete \u00f6v) fokozattal.<\/li>\n<\/ul>\n<p>Hogy szerzett tapasztalat\u00e1t \u00e9s tud\u00e1s\u00e1t m\u00e1sok sz\u00e1m\u00e1ra is el\u00e9rhetov\u00e9 tegye, Obata \u00far az al\u00e1bbi k\u00f6nyveket \u00edrta:<\/p>\n<ul type=\"disc\">\n<li>Shinkendo &#8211; Szamur\u00e1j kardv\u00edv\u00e1s (1999, saj\u00e1t kiad\u00e1s)<\/li>\n<li>Heiho Okugisho &#8211; A strat\u00e9gia titka (The Secret of High Strategy, 1994 W. M Hawley: ford\u00edtotta T. Obata<\/li>\n<li>Samurai Aikijutsu (1987, Dragon Books)<\/li>\n<li>Kama (1987, Dragon Books)<\/li>\n<li>Crimson Steel (1987, Dragon Books)<\/li>\n<li>Naked Blade (1985, Dragon Books)<\/li>\n<\/ul>\n<p>A Jap\u00e1nban t\u00f6lt\u00f6tt \u00e9veinek filmsikerei \u00e9s az ut\u00f3bbi h\u00fasz \u00e9vben Obata sensei az al\u00e1bbi filmekben rendezett vagy j\u00e1tszott jeleneteket az Egyes\u00fclt \u00c1llamokban:<\/p>\n<ul type=\"disc\">\n<li>Az \u00fcld\u00f6z\u00f6tt (1995-ben; szerep: Ryuma)<\/li>\n<li>K\u00e9k tigris (1994-ben; szerep: Kunimatsu)<\/li>\n<li>Aka Irezumi (1994-ben; Jap\u00e1n)<\/li>\n<li>Az \u00e1rny\u00e9k (1994-ben; szerep: Mongol)<\/li>\n<li>A v\u00f6r\u00f6s Nap (1993-ban; szerep: Oyabun)<\/li>\n<li>A puszt\u00edt\u00f3 (1993-ban; szerep: CryoCon)<\/li>\n<li>Felkelo Nap (1993-ban; szerep: or a cs\u00e1sz\u00e1ri seregben)<\/li>\n<li>D\u00fch \u00e9s becs\u00fclet (1992-ben; szerep:Chan Lu)<\/li>\n<li>Rejtett ind\u00edt\u00e9k (1992-ben; szerep: &#8222;Bika Nyaku&#8221; Yakuza)<\/li>\n<li>Lesz\u00e1mol\u00e1s Kis Toki\u00f3ban (1991-ben; szerep: Sato)<\/li>\n<li>Tini Nindzsa Teknoc\u00f6k (1990-ben; szerep: Tatsu)<\/li>\n<li>Tini Nindzsa Teknoc\u00f6k II: Ozee titka (1991-ben; szerep: Tatsu)<\/li>\n<li>Fekete eso (1989-ben; szerep: K\u00f6zvet\u00edto)<\/li>\n<li>A Bushido kardja (1989-ben)<\/li>\n<\/ul>\n","protected":false},"excerpt":{"rendered":"<p>Obata Toshishiro &nbsp; Az Obata csal\u00e1d a Heike kl\u00e1n szamur\u00e1jainak lesz\u00e1rmazottja. Obata Toshishiro Jap\u00e1nban, Gunma tartom\u00e1nyban sz\u00fcletett 1948-ban. Obata \u00far, Obata Toramori (a huszonn\u00e9gy legh\u00edresebb strat\u00e9ga egyike) egyenes \u00e1gi lesz\u00e1rmazottja, [&hellip;]<\/p>\n","protected":false},"author":1,"featured_media":0,"parent":0,"menu_order":1,"comment_status":"closed","ping_status":"closed","template":"","meta":[],"_links":{"self":[{"href":"https:\/\/www.shinkendo.hu\/index.php?rest_route=\/wp\/v2\/pages\/636"}],"collection":[{"href":"https:\/\/www.shinkendo.hu\/index.php?rest_route=\/wp\/v2\/pages"}],"about":[{"href":"https:\/\/www.shinkendo.hu\/index.php?rest_route=\/wp\/v2\/types\/page"}],"author":[{"embeddable":true,"href":"https:\/\/www.shinkendo.hu\/index.php?rest_route=\/wp\/v2\/users\/1"}],"replies":[{"embeddable":true,"href":"https:\/\/www.shinkendo.hu\/index.php?rest_route=%2Fwp%2Fv2%2Fcomments&post=636"}],"version-history":[{"count":7,"href":"https:\/\/www.shinkendo.hu\/index.php?rest_route=\/wp\/v2\/pages\/636\/revisions"}],"predecessor-version":[{"id":645,"href":"https:\/\/www.shinkendo.hu\/index.php?rest_route=\/wp\/v2\/pages\/636\/revisions\/645"}],"wp:attachment":[{"href":"https:\/\/www.shinkendo.hu\/index.php?rest_route=%2Fwp%2Fv2%2Fmedia&parent=636"}],"curies":[{"name":"wp","href":"https:\/\/api.w.org\/{rel}","templated":true}]}}