{"id":987,"date":"2010-10-29T19:39:40","date_gmt":"2010-10-29T17:39:40","guid":{"rendered":"http:\/\/www.shinkendo.hu\/?page_id=987"},"modified":"2010-10-29T19:49:53","modified_gmt":"2010-10-29T17:49:53","slug":"bako-gabor","status":"publish","type":"page","link":"https:\/\/www.shinkendo.hu\/?page_id=987","title":{"rendered":"Bak\u00f3 G\u00e1bor"},"content":{"rendered":"<p>Bak\u00f3 G\u00e1bor a 2008. szeptember\u00e9ben indult sz\u00e1zhalombattai Koyama No Hashi (Halmok H\u00eddja) Dojo instruktora.<\/p>\n<p>2004-ben kezdett el shinkendozni.<\/p>\n<p>Fokozatai:<\/p>\n<p>Shinkendo Hyaku-e<\/p>\n<p>Toyama-ryu Nikyu<\/p>\n<div class=\"gallery\"><dl class='gallery-item'>\n\t\t\t<dt class='gallery-icon landscape'>\n\t\t\t\t<a href='https:\/\/www.shinkendo.hu\/wp-content\/uploads\/2010\/10\/bg_nitoken.jpg'><img width=\"150\" height=\"150\" src=\"https:\/\/www.shinkendo.hu\/wp-content\/uploads\/2010\/10\/bg_nitoken-150x150.jpg\" class=\"attachment-thumbnail size-thumbnail\" alt=\"\" loading=\"lazy\" srcset=\"https:\/\/www.shinkendo.hu\/wp-content\/uploads\/2010\/10\/bg_nitoken-150x150.jpg 150w, https:\/\/www.shinkendo.hu\/wp-content\/uploads\/2010\/10\/bg_nitoken-36x36.jpg 36w, https:\/\/www.shinkendo.hu\/wp-content\/uploads\/2010\/10\/bg_nitoken-115x115.jpg 115w\" sizes=\"(max-width: 150px) 100vw, 150px\" \/><\/a>\n\t\t\t<\/dt><\/dl><dl class='gallery-item'>\n\t\t\t<dt class='gallery-icon portrait'>\n\t\t\t\t<a href='https:\/\/www.shinkendo.hu\/wp-content\/uploads\/2010\/10\/sector60441456.jpg'><img width=\"150\" height=\"150\" src=\"https:\/\/www.shinkendo.hu\/wp-content\/uploads\/2010\/10\/sector60441456-150x150.jpg\" class=\"attachment-thumbnail size-thumbnail\" alt=\"\" loading=\"lazy\" srcset=\"https:\/\/www.shinkendo.hu\/wp-content\/uploads\/2010\/10\/sector60441456-150x150.jpg 150w, https:\/\/www.shinkendo.hu\/wp-content\/uploads\/2010\/10\/sector60441456-36x36.jpg 36w, https:\/\/www.shinkendo.hu\/wp-content\/uploads\/2010\/10\/sector60441456-115x115.jpg 115w\" sizes=\"(max-width: 150px) 100vw, 150px\" \/><\/a>\n\t\t\t<\/dt><\/dl><dl class='gallery-item'>\n\t\t\t<dt class='gallery-icon portrait'>\n\t\t\t\t<a href='https:\/\/www.shinkendo.hu\/wp-content\/uploads\/2010\/10\/sector61887432.jpg'><img width=\"150\" height=\"150\" src=\"https:\/\/www.shinkendo.hu\/wp-content\/uploads\/2010\/10\/sector61887432-150x150.jpg\" class=\"attachment-thumbnail size-thumbnail\" alt=\"\" loading=\"lazy\" srcset=\"https:\/\/www.shinkendo.hu\/wp-content\/uploads\/2010\/10\/sector61887432-150x150.jpg 150w, https:\/\/www.shinkendo.hu\/wp-content\/uploads\/2010\/10\/sector61887432-36x36.jpg 36w, https:\/\/www.shinkendo.hu\/wp-content\/uploads\/2010\/10\/sector61887432-115x115.jpg 115w\" sizes=\"(max-width: 150px) 100vw, 150px\" \/><\/a>\n\t\t\t<\/dt><\/dl><br style=\"clear: both\" \/>\n\t\t<\/div>\n\n","protected":false},"excerpt":{"rendered":"<p>Bak\u00f3 G\u00e1bor a 2008. szeptember\u00e9ben indult sz\u00e1zhalombattai Koyama No Hashi (Halmok H\u00eddja) Dojo instruktora. 2004-ben kezdett el shinkendozni. Fokozatai: Shinkendo Hyaku-e Toyama-ryu Nikyu<\/p>\n","protected":false},"author":7,"featured_media":0,"parent":36,"menu_order":0,"comment_status":"closed","ping_status":"closed","template":"","meta":[],"_links":{"self":[{"href":"https:\/\/www.shinkendo.hu\/index.php?rest_route=\/wp\/v2\/pages\/987"}],"collection":[{"href":"https:\/\/www.shinkendo.hu\/index.php?rest_route=\/wp\/v2\/pages"}],"about":[{"href":"https:\/\/www.shinkendo.hu\/index.php?rest_route=\/wp\/v2\/types\/page"}],"author":[{"embeddable":true,"href":"https:\/\/www.shinkendo.hu\/index.php?rest_route=\/wp\/v2\/users\/7"}],"replies":[{"embeddable":true,"href":"https:\/\/www.shinkendo.hu\/index.php?rest_route=%2Fwp%2Fv2%2Fcomments&post=987"}],"version-history":[{"count":2,"href":"https:\/\/www.shinkendo.hu\/index.php?rest_route=\/wp\/v2\/pages\/987\/revisions"}],"predecessor-version":[{"id":994,"href":"https:\/\/www.shinkendo.hu\/index.php?rest_route=\/wp\/v2\/pages\/987\/revisions\/994"}],"up":[{"embeddable":true,"href":"https:\/\/www.shinkendo.hu\/index.php?rest_route=\/wp\/v2\/pages\/36"}],"wp:attachment":[{"href":"https:\/\/www.shinkendo.hu\/index.php?rest_route=%2Fwp%2Fv2%2Fmedia&parent=987"}],"curies":[{"name":"wp","href":"https:\/\/api.w.org\/{rel}","templated":true}]}}